{"id":3306,"date":"2017-11-06T14:45:28","date_gmt":"2017-11-06T17:45:28","guid":{"rendered":"http:\/\/jacaranda.ws\/airblock\/?page_id=3306"},"modified":"2018-04-09T12:58:15","modified_gmt":"2018-04-09T15:58:15","slug":"hcca","status":"publish","type":"page","link":"http:\/\/jacaranda.ws\/airblock\/hcca\/","title":{"rendered":"HCCA"},"content":{"rendered":"[vc_row type=&#8221;in_container&#8221; full_screen_row_position=&#8221;middle&#8221; scene_position=&#8221;center&#8221; text_color=&#8221;dark&#8221; text_align=&#8221;left&#8221; overlay_strength=&#8221;0.3&#8243; shape_divider_position=&#8221;bottom&#8221;][vc_column column_padding=&#8221;no-extra-padding&#8221; column_padding_position=&#8221;all&#8221; background_color_opacity=&#8221;1&#8243; background_hover_color_opacity=&#8221;1&#8243; column_shadow=&#8221;none&#8221; column_border_radius=&#8221;none&#8221; width=&#8221;1\/1&#8243; tablet_text_alignment=&#8221;default&#8221; phone_text_alignment=&#8221;default&#8221; column_border_width=&#8221;none&#8221; column_border_style=&#8221;solid&#8221;]<div style=\"height: 500px\" data-midnight=\"nectar-slider\" class=\"parallax_slider_outer \"><div style=\"height: 500px\"  data-transition=\"slide\" data-overall_style=\"classic\" data-flexible-height=\"true\" data-animate-in-effect=\"none\" data-fullscreen=\"false\" data-button-sizing=\"regular\" data-button-styling=\"btn_with_count\" data-autorotate=\"\" data-parallax=\"true\" data-full-width=\"true\" class=\"nectar-slider-wrap \" id=\"ns-id-69fb75c156c62\">\n\t\t\t<div style=\"height: 500px\" class=\"swiper-container\"  data-tho=\"auto\" data-tco=\"auto\" data-pho=\"auto\" data-pco=\"auto\" data-loop=\"false\" data-height=\"500\" data-min-height=\"\" data-arrows=\"false\" data-bullets=\"false\" data-bullet_style=\"see_through\" data-desktop-swipe=\"false\" data-settings=\"\">\n\t\t\t\t    <div class=\"swiper-wrapper\"><div class=\"swiper-slide\" data-bg-alignment=\"center\" data-color-scheme=\"light\" data-x-pos=\"left\" data-y-pos=\"middle\"> \n\t\t\t\t\t\t\t\t<div class=\"image-bg\" style=\"background-image: url(http:\/\/jacaranda.ws\/airblock\/wp-content\/uploads\/2017\/11\/pag_hcca.jpg);\"> &nbsp; <\/div><div class=\"container\">\n\t\t\t\t\t\t\t\t\t<div class=\"content\"><h2>HCCA<\/h2><p class=\"transparent-bg\" ><span>Hormig\u00f3n Celular Curado en Autoclave<\/span><\/p><\/div>\n\t\t\t\t\t\t\t\t<\/div><!--\/container--><div class=\"video-texture active_texture\"> <span class=\"ie-fix\"><\/span> <\/div><\/div><!--\/swiper-slide--><\/div><div class=\"nectar-slider-loading \"> <span class=\"loading-icon none\">   <\/span> <\/div> <\/div> \n\t\t\t\t\n\t\t\t<\/div><\/div>[\/vc_column][\/vc_row][vc_row type=&#8221;full_width_content&#8221; full_screen_row_position=&#8221;middle&#8221; equal_height=&#8221;yes&#8221; content_placement=&#8221;middle&#8221; bg_color=&#8221;#1e73be&#8221; scene_position=&#8221;center&#8221; text_color=&#8221;light&#8221; text_align=&#8221;left&#8221; overlay_strength=&#8221;0.3&#8243; shape_divider_position=&#8221;bottom&#8221; shape_type=&#8221;&#8221;][vc_column column_padding=&#8221;padding-6-percent&#8221; column_padding_position=&#8221;all&#8221; background_color=&#8221;#004170&#8243; background_color_opacity=&#8221;1&#8243; background_hover_color_opacity=&#8221;1&#8243; font_color=&#8221;#ffffff&#8221; column_shadow=&#8221;none&#8221; column_border_radius=&#8221;none&#8221; top_margin=&#8221;30&#8243; bottom_margin=&#8221;30&#8243; width=&#8221;1\/2&#8243; tablet_text_alignment=&#8221;default&#8221; phone_text_alignment=&#8221;default&#8221; column_border_width=&#8221;none&#8221; column_border_style=&#8221;solid&#8221;][vc_column_text]\n<h5>El HCCA es un material de construcci\u00f3n muy liviano, destinado a la obra gruesa.<br \/>\nEste producto 100% mineral, es producido a partir de arena de s\u00edlice, cal, cemento, agua y un agente que determina la expansi\u00f3n de la masa por la formaci\u00f3n de millones de burbujas de aire uniformemente distribuidas en la mezcla.<\/h5>\n<h5>Por sus caracter\u00edsticas t\u00e9cnicas, el producto presenta grandes ventajas respectos a sus sustitutos existentes en el mercado.<\/h5>\n[\/vc_column_text]<div class=\"divider-wrap\"><div style=\"height: 30px;\" class=\"divider\"><\/div><\/div>[nectar_btn size=&#8221;jumbo&#8221; button_style=&#8221;see-through-2&#8243; color_override=&#8221;#ffffff&#8221; hover_color_override=&#8221;#1e73be&#8221; hover_text_color_override=&#8221;#ffffff&#8221; icon_family=&#8221;none&#8221; url=&#8221;..\/ventajas\/&#8221; text=&#8221;VENTAJAS Y CARACTER\u00cdSTICAS&#8221;][\/vc_column][vc_column centered_text=&#8221;true&#8221; column_padding=&#8221;padding-3-percent&#8221; column_padding_position=&#8221;all&#8221; background_color=&#8221;#004170&#8243; background_color_opacity=&#8221;1&#8243; background_hover_color_opacity=&#8221;1&#8243; column_shadow=&#8221;none&#8221; column_border_radius=&#8221;none&#8221; top_margin=&#8221;30&#8243; bottom_margin=&#8221;30&#8243; width=&#8221;1\/2&#8243; tablet_text_alignment=&#8221;default&#8221; phone_text_alignment=&#8221;default&#8221; column_border_width=&#8221;none&#8221; column_border_style=&#8221;solid&#8221;]<div class=\"img-with-aniamtion-wrap \" data-max-width=\"100%\" data-border-radius=\"none\"><div class=\"inner\"><img loading=\"lazy\" decoding=\"async\" data-shadow=\"none\" data-shadow-direction=\"middle\" class=\"img-with-animation \" data-delay=\"0\" height=\"466\" width=\"730\" data-animation=\"fade-in\" src=\"http:\/\/jacaranda.ws\/airblock\/wp-content\/uploads\/2017\/11\/hcca_materia_prima.jpg\" srcset=\"http:\/\/jacaranda.ws\/airblock\/wp-content\/uploads\/2017\/11\/hcca_materia_prima.jpg 730w, http:\/\/jacaranda.ws\/airblock\/wp-content\/uploads\/2017\/11\/hcca_materia_prima-300x192.jpg 300w\" sizes=\"auto, 100vw\" alt=\"\" \/><\/div><\/div>[\/vc_column][\/vc_row][vc_row type=&#8221;full_width_content&#8221; full_screen_row_position=&#8221;middle&#8221; scene_position=&#8221;center&#8221; text_color=&#8221;dark&#8221; text_align=&#8221;left&#8221; disable_element=&#8221;yes&#8221; overlay_strength=&#8221;0.3&#8243; shape_divider_position=&#8221;bottom&#8221; shape_type=&#8221;&#8221;][vc_column column_padding=&#8221;padding-6-percent&#8221; column_padding_position=&#8221;all&#8221; background_color=&#8221;#ffffff&#8221; background_color_opacity=&#8221;1&#8243; background_hover_color_opacity=&#8221;1&#8243; font_color=&#8221;#ffffff&#8221; column_shadow=&#8221;none&#8221; column_border_radius=&#8221;none&#8221; width=&#8221;1\/2&#8243; tablet_text_alignment=&#8221;default&#8221; phone_text_alignment=&#8221;default&#8221; column_border_width=&#8221;none&#8221; column_border_style=&#8221;solid&#8221;][vc_row_inner column_margin=&#8221;default&#8221; text_align=&#8221;left&#8221;][vc_column_inner column_padding=&#8221;no-extra-padding&#8221; column_padding_position=&#8221;all&#8221; background_color_opacity=&#8221;1&#8243; background_hover_color_opacity=&#8221;1&#8243; font_color=&#8221;#004170&#8243; column_shadow=&#8221;none&#8221; column_border_radius=&#8221;none&#8221; width=&#8221;1\/1&#8243; column_border_width=&#8221;none&#8221; column_border_style=&#8221;solid&#8221;][vc_column_text]\n<h3>\u00bfQu\u00e9 hacemos?<\/h3>\n<h6>Fabricamos Hormig\u00f3n Celular Curado en Autoclave (HCCA). El ladrillo del futuro y una nueva forma de construir dando respuesta a las necesidades actuales de sustentabilidad, preservaci\u00f3n del medio ambiente, ahorro energ\u00e9tico e insonorizaci\u00f3n.<br \/>\nTenemos la primera planta automatizada de HCCA en Argentina, con una capacidad de producci\u00f3n equivalente a los 150.000 metros c\u00fabicos anuales.<\/h6>\n[\/vc_column_text][\/vc_column_inner][\/vc_row_inner][\/vc_column][vc_column column_padding=&#8221;no-extra-padding&#8221; column_padding_position=&#8221;all&#8221; background_color_opacity=&#8221;1&#8243; background_hover_color_opacity=&#8221;1&#8243; font_color=&#8221;#ffffff&#8221; column_shadow=&#8221;none&#8221; column_border_radius=&#8221;none&#8221; width=&#8221;1\/2&#8243; tablet_text_alignment=&#8221;default&#8221; phone_text_alignment=&#8221;default&#8221; column_border_width=&#8221;none&#8221; column_border_style=&#8221;solid&#8221;]<div class=\"img-with-aniamtion-wrap center\" data-max-width=\"100%\" data-border-radius=\"none\"><div class=\"inner\"><img loading=\"lazy\" decoding=\"async\" data-shadow=\"none\" data-shadow-direction=\"middle\" class=\"img-with-animation \" data-delay=\"0\" height=\"496\" width=\"750\" data-animation=\"fade-in\" src=\"http:\/\/jacaranda.ws\/airblock\/wp-content\/uploads\/2017\/10\/nosotros_img_1.jpg\" srcset=\"http:\/\/jacaranda.ws\/airblock\/wp-content\/uploads\/2017\/10\/nosotros_img_1.jpg 750w, http:\/\/jacaranda.ws\/airblock\/wp-content\/uploads\/2017\/10\/nosotros_img_1-300x198.jpg 300w\" sizes=\"auto, 100vw\" alt=\"\" \/><\/div><\/div>[\/vc_column][\/vc_row]\n","protected":false},"excerpt":{"rendered":"<p>[vc_row type=&#8221;in_container&#8221; full_screen_row_position=&#8221;middle&#8221; scene_position=&#8221;center&#8221; text_color=&#8221;dark&#8221; text_align=&#8221;left&#8221; overlay_strength=&#8221;0.3&#8243; shape_divider_position=&#8221;bottom&#8221;][vc_column column_padding=&#8221;no-extra-padding&#8221; column_padding_position=&#8221;all&#8221;&#8230;<\/p>\n","protected":false},"author":1,"featured_media":0,"parent":0,"menu_order":0,"comment_status":"closed","ping_status":"closed","template":"","meta":{"footnotes":""},"class_list":["post-3306","page","type-page","status-publish","hentry"],"aioseo_notices":[],"_links":{"self":[{"href":"http:\/\/jacaranda.ws\/airblock\/wp-json\/wp\/v2\/pages\/3306","targetHints":{"allow":["GET"]}}],"collection":[{"href":"http:\/\/jacaranda.ws\/airblock\/wp-json\/wp\/v2\/pages"}],"about":[{"href":"http:\/\/jacaranda.ws\/airblock\/wp-json\/wp\/v2\/types\/page"}],"author":[{"embeddable":true,"href":"http:\/\/jacaranda.ws\/airblock\/wp-json\/wp\/v2\/users\/1"}],"replies":[{"embeddable":true,"href":"http:\/\/jacaranda.ws\/airblock\/wp-json\/wp\/v2\/comments?post=3306"}],"version-history":[{"count":9,"href":"http:\/\/jacaranda.ws\/airblock\/wp-json\/wp\/v2\/pages\/3306\/revisions"}],"predecessor-version":[{"id":4056,"href":"http:\/\/jacaranda.ws\/airblock\/wp-json\/wp\/v2\/pages\/3306\/revisions\/4056"}],"wp:attachment":[{"href":"http:\/\/jacaranda.ws\/airblock\/wp-json\/wp\/v2\/media?parent=3306"}],"curies":[{"name":"wp","href":"https:\/\/api.w.org\/{rel}","templated":true}]}}